{"id":2197,"date":"2021-04-20T11:36:23","date_gmt":"2021-04-20T11:36:23","guid":{"rendered":"https:\/\/www.camping-bleesbruck.lu\/impressionen\/"},"modified":"2025-02-21T15:47:45","modified_gmt":"2025-02-21T15:47:45","slug":"impressions","status":"publish","type":"page","link":"https:\/\/www.camping-bleesbruck.lu\/fr\/impressions\/","title":{"rendered":"Impressions"},"content":{"rendered":"\n<p class=\"has-text-align-center\"><\/p>\n\n\n\n<p class=\"has-text-align-center has-medium-font-size\"><\/p>\n\n\n\n<p><\/p>\n\n\n\n<p class=\"has-text-align-center\" style=\"font-size:18px\">D\u00e9couvrez toutes les activit\u00e9s, \u00e9v\u00e9nements et curiosit\u00e9s \u00e0 proximit\u00e9 du Camping Bleesbruck.<\/p>\n\n\n\n<p class=\"has-text-align-center\" style=\"font-size:18px\">Les transports publics sont gratuits.<\/p>\n\n\n\n<p class=\"has-text-align-center\" style=\"font-size:18px\">Vous trouverez d&rsquo;autres offres dans la cat\u00e9gorie <strong><em>\u00ab\u00a0D\u00e9couvrir le Luxembourg\u00a0\u00bb<\/em><\/strong>.<\/p>\n\n\n\n<p class=\"has-text-align-center\" style=\"font-size:18px\">Si vous avez des questions, n&rsquo;h\u00e9sitez pas \u00e0 contacter notre r\u00e9ception.<\/p>\n\n\n\n<p><\/p>\n\n\n<div class=\"container-fluid py-5 text-center grey\">\r\n    <div class=\"container px-0\">\r\n                <span class=\"h3 wow fadeInDown\">visit \u00e9islek<\/span>\r\n                                            <h2 class=\"wow fadeIn\" data-wow-delay=\".2s\">Se promener<\/h2>\r\n                            <div class=\"gallery-block\">\r\n                                <div class=\"grid-item wow fadeInUp\">\r\n                        <a href=\"https:\/\/www.camping-bleesbruck.lu\/wp-content\/uploads\/2025\/02\/Vianden_Wandern_HiRes\u00a9Visit-Eislek-55-1024x683.jpg\" class=\"swipebox\">\r\n                            <img decoding=\"async\" src=\"https:\/\/www.camping-bleesbruck.lu\/wp-content\/uploads\/2025\/02\/Vianden_Wandern_HiRes\u00a9Visit-Eislek-55-1024x683.jpg\" alt=\"visit \u00e9islek\" \/>\r\n                        <\/a>\r\n                    <\/div>\r\n                                        <div class=\"grid-item wow fadeInUp\">\r\n                        <a href=\"https:\/\/www.camping-bleesbruck.lu\/wp-content\/uploads\/2025\/02\/Gilsdorf_Eislek-Pad-Gilsdorf_-HiRes_\u00a9Visit-Eislek11-1024x683.jpg\" class=\"swipebox\">\r\n                            <img decoding=\"async\" src=\"https:\/\/www.camping-bleesbruck.lu\/wp-content\/uploads\/2025\/02\/Gilsdorf_Eislek-Pad-Gilsdorf_-HiRes_\u00a9Visit-Eislek11-1024x683.jpg\" alt=\"visit \u00e9islek\" \/>\r\n                        <\/a>\r\n                    <\/div>\r\n                                        <div class=\"grid-item wow fadeInUp\">\r\n                        <a href=\"https:\/\/www.camping-bleesbruck.lu\/wp-content\/uploads\/2025\/02\/Vianden_Wandern_HiRes\u00a9Visit-Eislek-1-1024x681.jpg\" class=\"swipebox\">\r\n                            <img decoding=\"async\" src=\"https:\/\/www.camping-bleesbruck.lu\/wp-content\/uploads\/2025\/02\/Vianden_Wandern_HiRes\u00a9Visit-Eislek-1-1024x681.jpg\" alt=\"visit \u00e9islek\" \/>\r\n                        <\/a>\r\n                    <\/div>\r\n                                        <div class=\"grid-item wow fadeInUp\">\r\n                        <a href=\"https:\/\/www.camping-bleesbruck.lu\/wp-content\/uploads\/2025\/02\/Gilsdorf_Eislek-Pad-Gilsdorf_-HiRes_\u00a9Visit-Eislek25-1024x683.jpg\" class=\"swipebox\">\r\n                            <img decoding=\"async\" src=\"https:\/\/www.camping-bleesbruck.lu\/wp-content\/uploads\/2025\/02\/Gilsdorf_Eislek-Pad-Gilsdorf_-HiRes_\u00a9Visit-Eislek25-1024x683.jpg\" alt=\"visit \u00e9islek\" \/>\r\n                        <\/a>\r\n                    <\/div>\r\n                                        <div class=\"grid-item wow fadeInUp\">\r\n                        <a href=\"https:\/\/www.camping-bleesbruck.lu\/wp-content\/uploads\/2025\/02\/Vianden_Wandern_HiRes\u00a9Visit-Eislek-27-1024x681.jpg\" class=\"swipebox\">\r\n                            <img decoding=\"async\" src=\"https:\/\/www.camping-bleesbruck.lu\/wp-content\/uploads\/2025\/02\/Vianden_Wandern_HiRes\u00a9Visit-Eislek-27-1024x681.jpg\" alt=\"visit \u00e9islek\" \/>\r\n                        <\/a>\r\n                    <\/div>\r\n                                        <div class=\"grid-item wow fadeInUp\">\r\n                        <a href=\"https:\/\/www.camping-bleesbruck.lu\/wp-content\/uploads\/2025\/02\/Diekirch_Eislek-Pad-Diekirch_HiRes_\u00a9Visit-Eislek-49-1024x681.jpg\" class=\"swipebox\">\r\n                            <img decoding=\"async\" src=\"https:\/\/www.camping-bleesbruck.lu\/wp-content\/uploads\/2025\/02\/Diekirch_Eislek-Pad-Diekirch_HiRes_\u00a9Visit-Eislek-49-1024x681.jpg\" alt=\"visit \u00e9islek\" \/>\r\n                        <\/a>\r\n                    <\/div>\r\n                            <\/div>\r\n    <\/div>\r\n<\/div>","protected":false},"excerpt":{"rendered":"<p>D\u00e9couvrez toutes les activit\u00e9s, \u00e9v\u00e9nements et curiosit\u00e9s \u00e0 proximit\u00e9 du Camping Bleesbruck. Les transports publics sont gratuits. Vous trouverez d&rsquo;autres offres dans la cat\u00e9gorie \u00ab\u00a0D\u00e9couvrir le Luxembourg\u00a0\u00bb. Si vous avez<\/p>\n","protected":false},"author":1,"featured_media":1053,"parent":0,"menu_order":5,"comment_status":"closed","ping_status":"closed","template":"page-impressions.php","meta":{"_acf_changed":false,"footnotes":""},"class_list":["post-2197","page","type-page","status-publish","has-post-thumbnail","hentry"],"acf":[],"yoast_head":"<!-- This site is optimized with the Yoast SEO plugin v27.4 - https:\/\/yoast.com\/product\/yoast-seo-wordpress\/ -->\n<title>Impressions - Camping Bleesbruck<\/title>\n<meta name=\"description\" content=\"D\u00e9couvrez le Luxembourg ! Toutes les activit\u00e9s et curiosit\u00e9s \u00e0 explorer \u00e0 partir du Camping Bleesbruck en un coup d&#039;\u0153il, ici.\" \/>\n<meta name=\"robots\" content=\"index, follow, max-snippet:-1, max-image-preview:large, max-video-preview:-1\" \/>\n<link rel=\"canonical\" href=\"https:\/\/www.camping-bleesbruck.lu\/fr\/impressions\/\" \/>\n<meta property=\"og:locale\" content=\"fr_FR\" \/>\n<meta property=\"og:type\" content=\"article\" \/>\n<meta property=\"og:title\" content=\"Impressions - Camping Bleesbruck\" \/>\n<meta property=\"og:description\" content=\"D\u00e9couvrez le Luxembourg ! Toutes les activit\u00e9s et curiosit\u00e9s \u00e0 explorer \u00e0 partir du Camping Bleesbruck en un coup d&#039;\u0153il, ici.\" \/>\n<meta property=\"og:url\" content=\"https:\/\/www.camping-bleesbruck.lu\/fr\/impressions\/\" \/>\n<meta property=\"og:site_name\" content=\"Camping Bleesbruck\" \/>\n<meta property=\"article:modified_time\" content=\"2025-02-21T15:47:45+00:00\" \/>\n<meta property=\"og:image\" content=\"https:\/\/www.camping-bleesbruck.lu\/wp-content\/uploads\/2021\/04\/Umgebung_003-1.jpg\" \/>\n\t<meta property=\"og:image:width\" content=\"2560\" \/>\n\t<meta property=\"og:image:height\" content=\"1700\" \/>\n\t<meta property=\"og:image:type\" content=\"image\/jpeg\" \/>\n<meta name=\"twitter:card\" content=\"summary_large_image\" \/>\n<meta name=\"twitter:label1\" content=\"Dur\u00e9e de lecture estim\u00e9e\" \/>\n\t<meta name=\"twitter:data1\" content=\"1 minute\" \/>\n<script type=\"application\/ld+json\" class=\"yoast-schema-graph\">{\"@context\":\"https:\\\/\\\/schema.org\",\"@graph\":[{\"@type\":\"WebPage\",\"@id\":\"https:\\\/\\\/www.camping-bleesbruck.lu\\\/fr\\\/impressions\\\/\",\"url\":\"https:\\\/\\\/www.camping-bleesbruck.lu\\\/fr\\\/impressions\\\/\",\"name\":\"Impressions - Camping Bleesbruck\",\"isPartOf\":{\"@id\":\"https:\\\/\\\/www.camping-bleesbruck.lu\\\/#website\"},\"primaryImageOfPage\":{\"@id\":\"https:\\\/\\\/www.camping-bleesbruck.lu\\\/fr\\\/impressions\\\/#primaryimage\"},\"image\":{\"@id\":\"https:\\\/\\\/www.camping-bleesbruck.lu\\\/fr\\\/impressions\\\/#primaryimage\"},\"thumbnailUrl\":\"https:\\\/\\\/www.camping-bleesbruck.lu\\\/wp-content\\\/uploads\\\/2021\\\/04\\\/Umgebung_003-1.jpg\",\"datePublished\":\"2021-04-20T11:36:23+00:00\",\"dateModified\":\"2025-02-21T15:47:45+00:00\",\"description\":\"D\u00e9couvrez le Luxembourg ! Toutes les activit\u00e9s et curiosit\u00e9s \u00e0 explorer \u00e0 partir du Camping Bleesbruck en un coup d'\u0153il, ici.\",\"breadcrumb\":{\"@id\":\"https:\\\/\\\/www.camping-bleesbruck.lu\\\/fr\\\/impressions\\\/#breadcrumb\"},\"inLanguage\":\"fr-FR\",\"potentialAction\":[{\"@type\":\"ReadAction\",\"target\":[\"https:\\\/\\\/www.camping-bleesbruck.lu\\\/fr\\\/impressions\\\/\"]}]},{\"@type\":\"ImageObject\",\"inLanguage\":\"fr-FR\",\"@id\":\"https:\\\/\\\/www.camping-bleesbruck.lu\\\/fr\\\/impressions\\\/#primaryimage\",\"url\":\"https:\\\/\\\/www.camping-bleesbruck.lu\\\/wp-content\\\/uploads\\\/2021\\\/04\\\/Umgebung_003-1.jpg\",\"contentUrl\":\"https:\\\/\\\/www.camping-bleesbruck.lu\\\/wp-content\\\/uploads\\\/2021\\\/04\\\/Umgebung_003-1.jpg\",\"width\":2560,\"height\":1700},{\"@type\":\"BreadcrumbList\",\"@id\":\"https:\\\/\\\/www.camping-bleesbruck.lu\\\/fr\\\/impressions\\\/#breadcrumb\",\"itemListElement\":[{\"@type\":\"ListItem\",\"position\":1,\"name\":\"Home\",\"item\":\"https:\\\/\\\/www.camping-bleesbruck.lu\\\/fr\\\/\"},{\"@type\":\"ListItem\",\"position\":2,\"name\":\"Impressions\"}]},{\"@type\":\"WebSite\",\"@id\":\"https:\\\/\\\/www.camping-bleesbruck.lu\\\/#website\",\"url\":\"https:\\\/\\\/www.camping-bleesbruck.lu\\\/\",\"name\":\"Camping Bleesbruck\",\"description\":\"Just another WordPress site\",\"potentialAction\":[{\"@type\":\"SearchAction\",\"target\":{\"@type\":\"EntryPoint\",\"urlTemplate\":\"https:\\\/\\\/www.camping-bleesbruck.lu\\\/?s={search_term_string}\"},\"query-input\":{\"@type\":\"PropertyValueSpecification\",\"valueRequired\":true,\"valueName\":\"search_term_string\"}}],\"inLanguage\":\"fr-FR\"}]}<\/script>\n<!-- \/ Yoast SEO plugin. -->","yoast_head_json":{"title":"Impressions - Camping Bleesbruck","description":"D\u00e9couvrez le Luxembourg ! Toutes les activit\u00e9s et curiosit\u00e9s \u00e0 explorer \u00e0 partir du Camping Bleesbruck en un coup d'\u0153il, ici.","robots":{"index":"index","follow":"follow","max-snippet":"max-snippet:-1","max-image-preview":"max-image-preview:large","max-video-preview":"max-video-preview:-1"},"canonical":"https:\/\/www.camping-bleesbruck.lu\/fr\/impressions\/","og_locale":"fr_FR","og_type":"article","og_title":"Impressions - Camping Bleesbruck","og_description":"D\u00e9couvrez le Luxembourg ! Toutes les activit\u00e9s et curiosit\u00e9s \u00e0 explorer \u00e0 partir du Camping Bleesbruck en un coup d'\u0153il, ici.","og_url":"https:\/\/www.camping-bleesbruck.lu\/fr\/impressions\/","og_site_name":"Camping Bleesbruck","article_modified_time":"2025-02-21T15:47:45+00:00","og_image":[{"width":2560,"height":1700,"url":"https:\/\/www.camping-bleesbruck.lu\/wp-content\/uploads\/2021\/04\/Umgebung_003-1.jpg","type":"image\/jpeg"}],"twitter_card":"summary_large_image","twitter_misc":{"Dur\u00e9e de lecture estim\u00e9e":"1 minute"},"schema":{"@context":"https:\/\/schema.org","@graph":[{"@type":"WebPage","@id":"https:\/\/www.camping-bleesbruck.lu\/fr\/impressions\/","url":"https:\/\/www.camping-bleesbruck.lu\/fr\/impressions\/","name":"Impressions - Camping Bleesbruck","isPartOf":{"@id":"https:\/\/www.camping-bleesbruck.lu\/#website"},"primaryImageOfPage":{"@id":"https:\/\/www.camping-bleesbruck.lu\/fr\/impressions\/#primaryimage"},"image":{"@id":"https:\/\/www.camping-bleesbruck.lu\/fr\/impressions\/#primaryimage"},"thumbnailUrl":"https:\/\/www.camping-bleesbruck.lu\/wp-content\/uploads\/2021\/04\/Umgebung_003-1.jpg","datePublished":"2021-04-20T11:36:23+00:00","dateModified":"2025-02-21T15:47:45+00:00","description":"D\u00e9couvrez le Luxembourg ! Toutes les activit\u00e9s et curiosit\u00e9s \u00e0 explorer \u00e0 partir du Camping Bleesbruck en un coup d'\u0153il, ici.","breadcrumb":{"@id":"https:\/\/www.camping-bleesbruck.lu\/fr\/impressions\/#breadcrumb"},"inLanguage":"fr-FR","potentialAction":[{"@type":"ReadAction","target":["https:\/\/www.camping-bleesbruck.lu\/fr\/impressions\/"]}]},{"@type":"ImageObject","inLanguage":"fr-FR","@id":"https:\/\/www.camping-bleesbruck.lu\/fr\/impressions\/#primaryimage","url":"https:\/\/www.camping-bleesbruck.lu\/wp-content\/uploads\/2021\/04\/Umgebung_003-1.jpg","contentUrl":"https:\/\/www.camping-bleesbruck.lu\/wp-content\/uploads\/2021\/04\/Umgebung_003-1.jpg","width":2560,"height":1700},{"@type":"BreadcrumbList","@id":"https:\/\/www.camping-bleesbruck.lu\/fr\/impressions\/#breadcrumb","itemListElement":[{"@type":"ListItem","position":1,"name":"Home","item":"https:\/\/www.camping-bleesbruck.lu\/fr\/"},{"@type":"ListItem","position":2,"name":"Impressions"}]},{"@type":"WebSite","@id":"https:\/\/www.camping-bleesbruck.lu\/#website","url":"https:\/\/www.camping-bleesbruck.lu\/","name":"Camping Bleesbruck","description":"Just another WordPress site","potentialAction":[{"@type":"SearchAction","target":{"@type":"EntryPoint","urlTemplate":"https:\/\/www.camping-bleesbruck.lu\/?s={search_term_string}"},"query-input":{"@type":"PropertyValueSpecification","valueRequired":true,"valueName":"search_term_string"}}],"inLanguage":"fr-FR"}]}},"_links":{"self":[{"href":"https:\/\/www.camping-bleesbruck.lu\/fr\/wp-json\/wp\/v2\/pages\/2197","targetHints":{"allow":["GET"]}}],"collection":[{"href":"https:\/\/www.camping-bleesbruck.lu\/fr\/wp-json\/wp\/v2\/pages"}],"about":[{"href":"https:\/\/www.camping-bleesbruck.lu\/fr\/wp-json\/wp\/v2\/types\/page"}],"author":[{"embeddable":true,"href":"https:\/\/www.camping-bleesbruck.lu\/fr\/wp-json\/wp\/v2\/users\/1"}],"replies":[{"embeddable":true,"href":"https:\/\/www.camping-bleesbruck.lu\/fr\/wp-json\/wp\/v2\/comments?post=2197"}],"version-history":[{"count":4,"href":"https:\/\/www.camping-bleesbruck.lu\/fr\/wp-json\/wp\/v2\/pages\/2197\/revisions"}],"predecessor-version":[{"id":11584,"href":"https:\/\/www.camping-bleesbruck.lu\/fr\/wp-json\/wp\/v2\/pages\/2197\/revisions\/11584"}],"wp:featuredmedia":[{"embeddable":true,"href":"https:\/\/www.camping-bleesbruck.lu\/fr\/wp-json\/wp\/v2\/media\/1053"}],"wp:attachment":[{"href":"https:\/\/www.camping-bleesbruck.lu\/fr\/wp-json\/wp\/v2\/media?parent=2197"}],"curies":[{"name":"wp","href":"https:\/\/api.w.org\/{rel}","templated":true}]}}