{"id":2200,"date":"2021-04-20T08:39:33","date_gmt":"2021-04-20T08:39:33","guid":{"rendered":"https:\/\/www.camping-bleesbruck.lu\/das-restaurant\/"},"modified":"2026-04-15T10:22:53","modified_gmt":"2026-04-15T10:22:53","slug":"restaurant","status":"publish","type":"page","link":"https:\/\/www.camping-bleesbruck.lu\/fr\/restaurant\/","title":{"rendered":"Gastronomie"},"content":{"rendered":"<div class=\"container-fluid content-block white\" id=\"snacks-boissons\">\r\n                    <div class=\"container py-5\">\r\n                <div class=\"row\">\r\n                    <div class=\"col-lg-6 text\">\r\n                                                <span class=\"h3 wow fadeInDown\">Snacks &#038; Boissons<\/span>\r\n                                                                                                            <h2 class=\"wow fadeIn\" data-wow-delay=\".2s\">\u00ab\u00a0Bei der Blees\u00a0\u00bb<\/h2>\r\n                                                                                                    <div class=\"text-content wow fadeIn \">\r\n                            <p><strong>Le bistro du camping &#8211; votre pause dans une ambiance chaleureuse.<\/strong><\/p>\n<p>Un petit choix des diff\u00e9rentes snacks aussi v\u00e9g\u00e9tariens, sucr\u00e9s ou sal\u00e9s vous attend. En outre, en plus des frites classiques, nous vous invitons \u00e0 d\u00e9guster de d\u00e9licieux g\u00e2teaux et du caf\u00e9.<\/p>\n<p>Dans notre belle salle avec une terrasse accueillante, c&rsquo;est l&rsquo;endroit parfait pour profiter pleinement de la journ\u00e9e.<\/p>\n<p>Heures d&rsquo;ouverture en avril ( \u00e0pd. 05\/04)<\/p>\n<p>mercredi \u00e0 dimanche 12h-20h<\/p>\n<p>************************<\/p>\n<p><strong>\u00ab Petit-d\u00e9jeuner pour les gourmands &#8211; pour bien commencer la journ\u00e9e \u00bb.<\/strong><\/p>\n<p>Le petit-d\u00e9jeuner est possible tous les jours de 9h \u00e0 11h. Si possible, merci de nous pr\u00e9venir.<\/p>\n<p>*************************<\/p>\n<p>Vous organisez une f\u00eate priv\u00e9e, une r\u00e9union, une conf\u00e9rence ? N&rsquo;h\u00e9sitez pas \u00e0 prendre contact avec nous.<\/p>\n<p>F\u00eater l&rsquo;anniversaire d&rsquo;un enfant dans un cadre agr\u00e9able et plein air. Nous sommes de la partie !<\/p>\n<p>Possible durant toute l&rsquo;ann\u00e9e<\/p>\n<p>*************************<\/p>\n<p>Salle : 40 places<\/p>\n<p>Terrasse : 30 places<\/p>\n                                                    <\/div>\r\n                                                                                            <\/div>\r\n                    <div class=\"col-lg-6 images p-0 wow fadeIn\">\r\n                        <div class=\"content-carousel\">\r\n                                                        <div class=\"item\" style=\"background-image: url(https:\/\/www.camping-bleesbruck.lu\/wp-content\/uploads\/2026\/04\/food-truck-724x1024.png);\"><\/div>\r\n                                                    <\/div>\r\n                    <\/div>\r\n                <\/div>\r\n            <\/div>\r\n            <\/div>\n\n<div class=\"container-fluid grey py-5\">\r\n    <div class=\"container\">\r\n        <div class=\"row\">\r\n            <a href=\"https:\/\/camping-bleesbruck.lu\/fr\/contact\/\" target=\"\" class=\"col-lg-9 panel_left wow fadeInLeft mb-5 mb-lg-0\" style=\"background-image: url(https:\/\/www.camping-bleesbruck.lu\/wp-content\/uploads\/2025\/05\/20250515_174720-1024x461.jpg);\">\r\n                <span>\r\n                    <span class=\"h3\">Soyez notre h\u00f4te<\/span>\r\n                    <h2>R\u00e9server votre table<\/h2>\r\n                    <p>Contactez-nous pour toute r\u00e9servation ou question : +352 80 31 34<\/p>\n                <\/span>\r\n            <\/a>\r\n\t\t\t            <a href=\"https:\/\/www.camping-bleesbruck.lu\/wp-content\/uploads\/2026\/04\/Menu-2026.pdf\" target=\"_blank\" class=\"col-lg-3 panel_right text-center my-0 wow fadeInRight p-0 px-lg-3\">\r\n\t\t\t\t                <span>\r\n                    <p class=\"h3\">Restaurant<\/p>\r\n                    <h2>Menu<\/h2>\r\n                    <?xml version=\"1.0\" encoding=\"iso-8859-1\"?>\n<!-- Generator: Adobe Illustrator 21.0.0, SVG Export Plug-In . SVG Version: 6.00 Build 0)  -->\n<svg xmlns=\"http:\/\/www.w3.org\/2000\/svg\" xmlns:xlink=\"http:\/\/www.w3.org\/1999\/xlink\" version=\"1.1\" id=\"Capa_1\" x=\"0px\" y=\"0px\" viewBox=\"0 0 512.006 512.006\" style=\"enable-background:new 0 0 512.006 512.006;\" xml:space=\"preserve\" width=\"512\" height=\"512\">\n<path d=\"M486.593,121.506c0-67.498-38.882-123.189-89.208-121.435c-1.166-0.099,16.278-0.065-299.792-0.065  c-40.252,0-73,38.131-73,85s32.748,85,73,85h15.313l0.508,327.023c0.013,8.275,6.725,14.977,15,14.977h344  c8.294,0,15.02-6.74,15-15.036C487.405,493.555,486.593,155.079,486.593,121.506z M399.593,140.006  c-21.315,0-39.058-19.938-42.425-46h42.425c7.095,0,15,9.446,15,23S406.687,140.006,399.593,140.006z M54.593,85.006  c0-30.327,19.29-55,43-55H344c-23.218,31.769-23.216,78.233,0,110H97.593C73.883,140.006,54.593,115.333,54.593,85.006z   M143.39,482.006l-0.484-312c2.327,0,254.548,0.015,255.741-0.028c27.021,0.407,45.946-25.19,45.946-52.972  c0-29.224-20.187-53-45-53H359.85c6.464-19.938,21.844-34,39.742-34c30.897,0,57,41.902,57,91.5c0,29.511,0.626,294.096,0.784,360.5  H143.39z\"\/>\n\n\n\n\n\n\n\n\n\n\n\n\n\n\n\n<\/svg>\n                <\/span>\r\n            <\/a>\r\n        <\/div>\r\n    <\/div>\r\n<\/div>\n\n<div class=\"container-fluid grey py-5\">\r\n    <div class=\"container\">\r\n        <div class=\"row\">\r\n            <a href=\"https:\/\/camping-bleesbruck.lu\/fr\/contact\/\" target=\"\" class=\"col-lg-9 panel_left wow fadeInLeft mb-5 mb-lg-0\" style=\"background-image: url(https:\/\/www.camping-bleesbruck.lu\/wp-content\/uploads\/2021\/06\/Fruehstueck-e1623400368695-1024x389.png);\">\r\n                <span>\r\n                    <span class=\"h3\">Bonjour<\/span>\r\n                    <h2>Offre de petit-d\u00e9jeuner<\/h2>\r\n                    <p>Contactez-nous pour toute r\u00e9servation ou question : +352 80 31 34<\/p>\n                <\/span>\r\n            <\/a>\r\n\t\t\t            <a href=\"https:\/\/www.camping-bleesbruck.lu\/wp-content\/uploads\/2025\/04\/Breakfast.png\" target=\"_blank\" class=\"col-lg-3 panel_right text-center my-0 wow fadeInRight p-0 px-lg-3\">\r\n\t\t\t\t                <span>\r\n                    <p class=\"h3\">Petit-d\u00e9jeuner<\/p>\r\n                    <h2>Menu<\/h2>\r\n                    <?xml version=\"1.0\" encoding=\"iso-8859-1\"?>\n<!-- Generator: Adobe Illustrator 21.0.0, SVG Export Plug-In . SVG Version: 6.00 Build 0)  -->\n<svg xmlns=\"http:\/\/www.w3.org\/2000\/svg\" xmlns:xlink=\"http:\/\/www.w3.org\/1999\/xlink\" version=\"1.1\" id=\"Capa_1\" x=\"0px\" y=\"0px\" viewBox=\"0 0 512.006 512.006\" style=\"enable-background:new 0 0 512.006 512.006;\" xml:space=\"preserve\" width=\"512\" height=\"512\">\n<path d=\"M486.593,121.506c0-67.498-38.882-123.189-89.208-121.435c-1.166-0.099,16.278-0.065-299.792-0.065  c-40.252,0-73,38.131-73,85s32.748,85,73,85h15.313l0.508,327.023c0.013,8.275,6.725,14.977,15,14.977h344  c8.294,0,15.02-6.74,15-15.036C487.405,493.555,486.593,155.079,486.593,121.506z M399.593,140.006  c-21.315,0-39.058-19.938-42.425-46h42.425c7.095,0,15,9.446,15,23S406.687,140.006,399.593,140.006z M54.593,85.006  c0-30.327,19.29-55,43-55H344c-23.218,31.769-23.216,78.233,0,110H97.593C73.883,140.006,54.593,115.333,54.593,85.006z   M143.39,482.006l-0.484-312c2.327,0,254.548,0.015,255.741-0.028c27.021,0.407,45.946-25.19,45.946-52.972  c0-29.224-20.187-53-45-53H359.85c6.464-19.938,21.844-34,39.742-34c30.897,0,57,41.902,57,91.5c0,29.511,0.626,294.096,0.784,360.5  H143.39z\"\/>\n\n\n\n\n\n\n\n\n\n\n\n\n\n\n\n<\/svg>\n                <\/span>\r\n            <\/a>\r\n        <\/div>\r\n    <\/div>\r\n<\/div>\n\n<div class=\"container-fluid py-5 text-center white\">\r\n    <div class=\"container px-0\">\r\n                <span class=\"h3 wow fadeInDown\">Galerie<\/span>\r\n                                            <h2 class=\"wow fadeIn\" data-wow-delay=\".2s\">Prenez-en go\u00fbt!<\/h2>\r\n                            <div class=\"gallery-block\">\r\n                                <div class=\"grid-item wow fadeInUp\">\r\n                        <a href=\"https:\/\/www.camping-bleesbruck.lu\/wp-content\/uploads\/2021\/04\/Restaurant_002-768x1024.jpg\" class=\"swipebox\">\r\n                            <img decoding=\"async\" src=\"https:\/\/www.camping-bleesbruck.lu\/wp-content\/uploads\/2021\/04\/Restaurant_002-768x1024.jpg\" alt=\"Restaurant_002\" \/>\r\n                        <\/a>\r\n                    <\/div>\r\n                                        <div class=\"grid-item wow fadeInUp\">\r\n                        <a href=\"https:\/\/www.camping-bleesbruck.lu\/wp-content\/uploads\/2021\/04\/Restaurant_003-768x1024.jpg\" class=\"swipebox\">\r\n                            <img decoding=\"async\" src=\"https:\/\/www.camping-bleesbruck.lu\/wp-content\/uploads\/2021\/04\/Restaurant_003-768x1024.jpg\" alt=\"Restaurant_003\" \/>\r\n                        <\/a>\r\n                    <\/div>\r\n                                        <div class=\"grid-item wow fadeInUp\">\r\n                        <a href=\"https:\/\/www.camping-bleesbruck.lu\/wp-content\/uploads\/2021\/04\/Restaurant_004-768x1024.jpg\" class=\"swipebox\">\r\n                            <img decoding=\"async\" src=\"https:\/\/www.camping-bleesbruck.lu\/wp-content\/uploads\/2021\/04\/Restaurant_004-768x1024.jpg\" alt=\"Restaurant_004\" \/>\r\n                        <\/a>\r\n                    <\/div>\r\n                                        <div class=\"grid-item wow fadeInUp\">\r\n                        <a href=\"https:\/\/www.camping-bleesbruck.lu\/wp-content\/uploads\/2021\/04\/Restaurant_005-1024x576.jpg\" class=\"swipebox\">\r\n                            <img decoding=\"async\" src=\"https:\/\/www.camping-bleesbruck.lu\/wp-content\/uploads\/2021\/04\/Restaurant_005-1024x576.jpg\" alt=\"DCIM100MEDIADJI_0040.JPG\" \/>\r\n                        <\/a>\r\n                    <\/div>\r\n                                        <div class=\"grid-item wow fadeInUp\">\r\n                        <a href=\"https:\/\/www.camping-bleesbruck.lu\/wp-content\/uploads\/2025\/04\/20250406_092313-768x1024.jpg\" class=\"swipebox\">\r\n                            <img decoding=\"async\" src=\"https:\/\/www.camping-bleesbruck.lu\/wp-content\/uploads\/2025\/04\/20250406_092313-768x1024.jpg\" alt=\"20250406_092313\" \/>\r\n                        <\/a>\r\n                    <\/div>\r\n                                        <div class=\"grid-item wow fadeInUp\">\r\n                        <a href=\"https:\/\/www.camping-bleesbruck.lu\/wp-content\/uploads\/2021\/04\/Restaurant_006-1024x683.jpg\" class=\"swipebox\">\r\n                            <img decoding=\"async\" src=\"https:\/\/www.camping-bleesbruck.lu\/wp-content\/uploads\/2021\/04\/Restaurant_006-1024x683.jpg\" alt=\"Restaurant_006\" \/>\r\n                        <\/a>\r\n                    <\/div>\r\n                                        <div class=\"grid-item wow fadeInUp\">\r\n                        <a href=\"https:\/\/www.camping-bleesbruck.lu\/wp-content\/uploads\/2021\/04\/Terrasse_001-1024x683.jpg\" class=\"swipebox\">\r\n                            <img decoding=\"async\" src=\"https:\/\/www.camping-bleesbruck.lu\/wp-content\/uploads\/2021\/04\/Terrasse_001-1024x683.jpg\" alt=\"Terrasse_001\" \/>\r\n                        <\/a>\r\n                    <\/div>\r\n                                        <div class=\"grid-item wow fadeInUp\">\r\n                        <a href=\"https:\/\/www.camping-bleesbruck.lu\/wp-content\/uploads\/2021\/06\/Blees.jpg\" class=\"swipebox\">\r\n                            <img decoding=\"async\" src=\"https:\/\/www.camping-bleesbruck.lu\/wp-content\/uploads\/2021\/06\/Blees.jpg\" alt=\"Blees\" \/>\r\n                        <\/a>\r\n                    <\/div>\r\n                                        <div class=\"grid-item wow fadeInUp\">\r\n                        <a href=\"https:\/\/www.camping-bleesbruck.lu\/wp-content\/uploads\/2021\/04\/Terrasse_002-1024x683.jpg\" class=\"swipebox\">\r\n                            <img decoding=\"async\" src=\"https:\/\/www.camping-bleesbruck.lu\/wp-content\/uploads\/2021\/04\/Terrasse_002-1024x683.jpg\" alt=\"Terrasse_002\" \/>\r\n                        <\/a>\r\n                    <\/div>\r\n                                        <div class=\"grid-item wow fadeInUp\">\r\n                        <a href=\"https:\/\/www.camping-bleesbruck.lu\/wp-content\/uploads\/2021\/06\/Ruby.jpg\" class=\"swipebox\">\r\n                            <img decoding=\"async\" src=\"https:\/\/www.camping-bleesbruck.lu\/wp-content\/uploads\/2021\/06\/Ruby.jpg\" alt=\"Ruby\" \/>\r\n                        <\/a>\r\n                    <\/div>\r\n                                        <div class=\"grid-item wow fadeInUp\">\r\n                        <a href=\"https:\/\/www.camping-bleesbruck.lu\/wp-content\/uploads\/2021\/06\/IMG_20180505_173034-768x1024.jpg\" class=\"swipebox\">\r\n                            <img decoding=\"async\" src=\"https:\/\/www.camping-bleesbruck.lu\/wp-content\/uploads\/2021\/06\/IMG_20180505_173034-768x1024.jpg\" alt=\"IMG_20180505_173034\" \/>\r\n                        <\/a>\r\n                    <\/div>\r\n                                        <div class=\"grid-item wow fadeInUp\">\r\n                        <a href=\"https:\/\/www.camping-bleesbruck.lu\/wp-content\/uploads\/2025\/04\/20250331_091806-768x1024.jpg\" class=\"swipebox\">\r\n                            <img decoding=\"async\" src=\"https:\/\/www.camping-bleesbruck.lu\/wp-content\/uploads\/2025\/04\/20250331_091806-768x1024.jpg\" alt=\"20250331_091806\" \/>\r\n                        <\/a>\r\n                    <\/div>\r\n                                        <div class=\"grid-item wow fadeInUp\">\r\n                        <a href=\"https:\/\/www.camping-bleesbruck.lu\/wp-content\/uploads\/2021\/06\/Terasse-1018x1024.jpg\" class=\"swipebox\">\r\n                            <img decoding=\"async\" src=\"https:\/\/www.camping-bleesbruck.lu\/wp-content\/uploads\/2021\/06\/Terasse-1018x1024.jpg\" alt=\"binary comment\" \/>\r\n                        <\/a>\r\n                    <\/div>\r\n                                        <div class=\"grid-item wow fadeInUp\">\r\n                        <a href=\"https:\/\/www.camping-bleesbruck.lu\/wp-content\/uploads\/2025\/04\/20250406_100441-768x1024.jpg\" class=\"swipebox\">\r\n                            <img decoding=\"async\" src=\"https:\/\/www.camping-bleesbruck.lu\/wp-content\/uploads\/2025\/04\/20250406_100441-768x1024.jpg\" alt=\"20250406_100441\" \/>\r\n                        <\/a>\r\n                    <\/div>\r\n                                        <div class=\"grid-item wow fadeInUp\">\r\n                        <a href=\"https:\/\/www.camping-bleesbruck.lu\/wp-content\/uploads\/2025\/04\/20250401_181744-768x1024.jpg\" class=\"swipebox\">\r\n                            <img decoding=\"async\" src=\"https:\/\/www.camping-bleesbruck.lu\/wp-content\/uploads\/2025\/04\/20250401_181744-768x1024.jpg\" alt=\"20250401_181744\" \/>\r\n                        <\/a>\r\n                    <\/div>\r\n                                        <div class=\"grid-item wow fadeInUp\">\r\n                        <a href=\"https:\/\/www.camping-bleesbruck.lu\/wp-content\/uploads\/2025\/04\/20250413_134033-768x1024.jpg\" class=\"swipebox\">\r\n                            <img decoding=\"async\" src=\"https:\/\/www.camping-bleesbruck.lu\/wp-content\/uploads\/2025\/04\/20250413_134033-768x1024.jpg\" alt=\"20250413_134033\" \/>\r\n                        <\/a>\r\n                    <\/div>\r\n                                        <div class=\"grid-item wow fadeInUp\">\r\n                        <a href=\"https:\/\/www.camping-bleesbruck.lu\/wp-content\/uploads\/2025\/05\/20250515_174720-1024x461.jpg\" class=\"swipebox\">\r\n                            <img decoding=\"async\" src=\"https:\/\/www.camping-bleesbruck.lu\/wp-content\/uploads\/2025\/05\/20250515_174720-1024x461.jpg\" alt=\"20250515_174720\" \/>\r\n                        <\/a>\r\n                    <\/div>\r\n                                        <div class=\"grid-item wow fadeInUp\">\r\n                        <a href=\"https:\/\/www.camping-bleesbruck.lu\/wp-content\/uploads\/2025\/04\/20250413_132751-768x1024.jpg\" class=\"swipebox\">\r\n                            <img decoding=\"async\" src=\"https:\/\/www.camping-bleesbruck.lu\/wp-content\/uploads\/2025\/04\/20250413_132751-768x1024.jpg\" alt=\"20250413_132751\" \/>\r\n                        <\/a>\r\n                    <\/div>\r\n                                        <div class=\"grid-item wow fadeInUp\">\r\n                        <a href=\"https:\/\/www.camping-bleesbruck.lu\/wp-content\/uploads\/2025\/04\/20250413_134111-768x1024.jpg\" class=\"swipebox\">\r\n                            <img decoding=\"async\" src=\"https:\/\/www.camping-bleesbruck.lu\/wp-content\/uploads\/2025\/04\/20250413_134111-768x1024.jpg\" alt=\"20250413_134111\" \/>\r\n                        <\/a>\r\n                    <\/div>\r\n                            <\/div>\r\n    <\/div>\r\n<\/div>","protected":false},"excerpt":{"rendered":"","protected":false},"author":1,"featured_media":12062,"parent":0,"menu_order":6,"comment_status":"closed","ping_status":"closed","template":"","meta":{"_acf_changed":false,"footnotes":""},"class_list":["post-2200","page","type-page","status-publish","has-post-thumbnail","hentry"],"acf":[],"yoast_head":"<!-- This site is optimized with the Yoast SEO plugin v27.4 - https:\/\/yoast.com\/product\/yoast-seo-wordpress\/ -->\n<title>Gastronomie - Camping Bleesbruck<\/title>\n<meta name=\"description\" content=\"D\u00e9gustez une glace ou une bi\u00e8re fra\u00eeche sur la terrasse. Nous proposons du caf\u00e9 et des g\u00e2teaux ainsi que des petits snacks.\" \/>\n<meta name=\"robots\" content=\"index, follow, max-snippet:-1, max-image-preview:large, max-video-preview:-1\" \/>\n<link rel=\"canonical\" href=\"https:\/\/www.camping-bleesbruck.lu\/fr\/restaurant\/\" \/>\n<meta property=\"og:locale\" content=\"fr_FR\" \/>\n<meta property=\"og:type\" content=\"article\" \/>\n<meta property=\"og:title\" content=\"Gastronomie - Camping Bleesbruck\" \/>\n<meta property=\"og:description\" content=\"D\u00e9gustez une glace ou une bi\u00e8re fra\u00eeche sur la terrasse. Nous proposons du caf\u00e9 et des g\u00e2teaux ainsi que des petits snacks.\" \/>\n<meta property=\"og:url\" content=\"https:\/\/www.camping-bleesbruck.lu\/fr\/restaurant\/\" \/>\n<meta property=\"og:site_name\" content=\"Camping Bleesbruck\" \/>\n<meta property=\"article:modified_time\" content=\"2026-04-15T10:22:53+00:00\" \/>\n<meta property=\"og:image\" content=\"https:\/\/www.camping-bleesbruck.lu\/wp-content\/uploads\/2025\/05\/20250515_174720-scaled.jpg\" \/>\n\t<meta property=\"og:image:width\" content=\"2560\" \/>\n\t<meta property=\"og:image:height\" content=\"1152\" \/>\n\t<meta property=\"og:image:type\" content=\"image\/jpeg\" \/>\n<meta name=\"twitter:card\" content=\"summary_large_image\" \/>\n<meta name=\"twitter:label1\" content=\"Dur\u00e9e de lecture estim\u00e9e\" \/>\n\t<meta name=\"twitter:data1\" content=\"1 minute\" \/>\n<script type=\"application\/ld+json\" class=\"yoast-schema-graph\">{\"@context\":\"https:\\\/\\\/schema.org\",\"@graph\":[{\"@type\":\"WebPage\",\"@id\":\"https:\\\/\\\/www.camping-bleesbruck.lu\\\/fr\\\/restaurant\\\/\",\"url\":\"https:\\\/\\\/www.camping-bleesbruck.lu\\\/fr\\\/restaurant\\\/\",\"name\":\"Gastronomie - Camping Bleesbruck\",\"isPartOf\":{\"@id\":\"https:\\\/\\\/www.camping-bleesbruck.lu\\\/#website\"},\"primaryImageOfPage\":{\"@id\":\"https:\\\/\\\/www.camping-bleesbruck.lu\\\/fr\\\/restaurant\\\/#primaryimage\"},\"image\":{\"@id\":\"https:\\\/\\\/www.camping-bleesbruck.lu\\\/fr\\\/restaurant\\\/#primaryimage\"},\"thumbnailUrl\":\"https:\\\/\\\/www.camping-bleesbruck.lu\\\/wp-content\\\/uploads\\\/2025\\\/05\\\/20250515_174720-scaled.jpg\",\"datePublished\":\"2021-04-20T08:39:33+00:00\",\"dateModified\":\"2026-04-15T10:22:53+00:00\",\"description\":\"D\u00e9gustez une glace ou une bi\u00e8re fra\u00eeche sur la terrasse. Nous proposons du caf\u00e9 et des g\u00e2teaux ainsi que des petits snacks.\",\"breadcrumb\":{\"@id\":\"https:\\\/\\\/www.camping-bleesbruck.lu\\\/fr\\\/restaurant\\\/#breadcrumb\"},\"inLanguage\":\"fr-FR\",\"potentialAction\":[{\"@type\":\"ReadAction\",\"target\":[\"https:\\\/\\\/www.camping-bleesbruck.lu\\\/fr\\\/restaurant\\\/\"]}]},{\"@type\":\"ImageObject\",\"inLanguage\":\"fr-FR\",\"@id\":\"https:\\\/\\\/www.camping-bleesbruck.lu\\\/fr\\\/restaurant\\\/#primaryimage\",\"url\":\"https:\\\/\\\/www.camping-bleesbruck.lu\\\/wp-content\\\/uploads\\\/2025\\\/05\\\/20250515_174720-scaled.jpg\",\"contentUrl\":\"https:\\\/\\\/www.camping-bleesbruck.lu\\\/wp-content\\\/uploads\\\/2025\\\/05\\\/20250515_174720-scaled.jpg\",\"width\":2560,\"height\":1152,\"caption\":\"salle\"},{\"@type\":\"BreadcrumbList\",\"@id\":\"https:\\\/\\\/www.camping-bleesbruck.lu\\\/fr\\\/restaurant\\\/#breadcrumb\",\"itemListElement\":[{\"@type\":\"ListItem\",\"position\":1,\"name\":\"Home\",\"item\":\"https:\\\/\\\/www.camping-bleesbruck.lu\\\/fr\\\/\"},{\"@type\":\"ListItem\",\"position\":2,\"name\":\"Gastronomie\"}]},{\"@type\":\"WebSite\",\"@id\":\"https:\\\/\\\/www.camping-bleesbruck.lu\\\/#website\",\"url\":\"https:\\\/\\\/www.camping-bleesbruck.lu\\\/\",\"name\":\"Camping Bleesbruck\",\"description\":\"Just another WordPress site\",\"potentialAction\":[{\"@type\":\"SearchAction\",\"target\":{\"@type\":\"EntryPoint\",\"urlTemplate\":\"https:\\\/\\\/www.camping-bleesbruck.lu\\\/?s={search_term_string}\"},\"query-input\":{\"@type\":\"PropertyValueSpecification\",\"valueRequired\":true,\"valueName\":\"search_term_string\"}}],\"inLanguage\":\"fr-FR\"}]}<\/script>\n<!-- \/ Yoast SEO plugin. -->","yoast_head_json":{"title":"Gastronomie - Camping Bleesbruck","description":"D\u00e9gustez une glace ou une bi\u00e8re fra\u00eeche sur la terrasse. Nous proposons du caf\u00e9 et des g\u00e2teaux ainsi que des petits snacks.","robots":{"index":"index","follow":"follow","max-snippet":"max-snippet:-1","max-image-preview":"max-image-preview:large","max-video-preview":"max-video-preview:-1"},"canonical":"https:\/\/www.camping-bleesbruck.lu\/fr\/restaurant\/","og_locale":"fr_FR","og_type":"article","og_title":"Gastronomie - Camping Bleesbruck","og_description":"D\u00e9gustez une glace ou une bi\u00e8re fra\u00eeche sur la terrasse. Nous proposons du caf\u00e9 et des g\u00e2teaux ainsi que des petits snacks.","og_url":"https:\/\/www.camping-bleesbruck.lu\/fr\/restaurant\/","og_site_name":"Camping Bleesbruck","article_modified_time":"2026-04-15T10:22:53+00:00","og_image":[{"width":2560,"height":1152,"url":"https:\/\/www.camping-bleesbruck.lu\/wp-content\/uploads\/2025\/05\/20250515_174720-scaled.jpg","type":"image\/jpeg"}],"twitter_card":"summary_large_image","twitter_misc":{"Dur\u00e9e de lecture estim\u00e9e":"1 minute"},"schema":{"@context":"https:\/\/schema.org","@graph":[{"@type":"WebPage","@id":"https:\/\/www.camping-bleesbruck.lu\/fr\/restaurant\/","url":"https:\/\/www.camping-bleesbruck.lu\/fr\/restaurant\/","name":"Gastronomie - Camping Bleesbruck","isPartOf":{"@id":"https:\/\/www.camping-bleesbruck.lu\/#website"},"primaryImageOfPage":{"@id":"https:\/\/www.camping-bleesbruck.lu\/fr\/restaurant\/#primaryimage"},"image":{"@id":"https:\/\/www.camping-bleesbruck.lu\/fr\/restaurant\/#primaryimage"},"thumbnailUrl":"https:\/\/www.camping-bleesbruck.lu\/wp-content\/uploads\/2025\/05\/20250515_174720-scaled.jpg","datePublished":"2021-04-20T08:39:33+00:00","dateModified":"2026-04-15T10:22:53+00:00","description":"D\u00e9gustez une glace ou une bi\u00e8re fra\u00eeche sur la terrasse. Nous proposons du caf\u00e9 et des g\u00e2teaux ainsi que des petits snacks.","breadcrumb":{"@id":"https:\/\/www.camping-bleesbruck.lu\/fr\/restaurant\/#breadcrumb"},"inLanguage":"fr-FR","potentialAction":[{"@type":"ReadAction","target":["https:\/\/www.camping-bleesbruck.lu\/fr\/restaurant\/"]}]},{"@type":"ImageObject","inLanguage":"fr-FR","@id":"https:\/\/www.camping-bleesbruck.lu\/fr\/restaurant\/#primaryimage","url":"https:\/\/www.camping-bleesbruck.lu\/wp-content\/uploads\/2025\/05\/20250515_174720-scaled.jpg","contentUrl":"https:\/\/www.camping-bleesbruck.lu\/wp-content\/uploads\/2025\/05\/20250515_174720-scaled.jpg","width":2560,"height":1152,"caption":"salle"},{"@type":"BreadcrumbList","@id":"https:\/\/www.camping-bleesbruck.lu\/fr\/restaurant\/#breadcrumb","itemListElement":[{"@type":"ListItem","position":1,"name":"Home","item":"https:\/\/www.camping-bleesbruck.lu\/fr\/"},{"@type":"ListItem","position":2,"name":"Gastronomie"}]},{"@type":"WebSite","@id":"https:\/\/www.camping-bleesbruck.lu\/#website","url":"https:\/\/www.camping-bleesbruck.lu\/","name":"Camping Bleesbruck","description":"Just another WordPress site","potentialAction":[{"@type":"SearchAction","target":{"@type":"EntryPoint","urlTemplate":"https:\/\/www.camping-bleesbruck.lu\/?s={search_term_string}"},"query-input":{"@type":"PropertyValueSpecification","valueRequired":true,"valueName":"search_term_string"}}],"inLanguage":"fr-FR"}]}},"_links":{"self":[{"href":"https:\/\/www.camping-bleesbruck.lu\/fr\/wp-json\/wp\/v2\/pages\/2200","targetHints":{"allow":["GET"]}}],"collection":[{"href":"https:\/\/www.camping-bleesbruck.lu\/fr\/wp-json\/wp\/v2\/pages"}],"about":[{"href":"https:\/\/www.camping-bleesbruck.lu\/fr\/wp-json\/wp\/v2\/types\/page"}],"author":[{"embeddable":true,"href":"https:\/\/www.camping-bleesbruck.lu\/fr\/wp-json\/wp\/v2\/users\/1"}],"replies":[{"embeddable":true,"href":"https:\/\/www.camping-bleesbruck.lu\/fr\/wp-json\/wp\/v2\/comments?post=2200"}],"version-history":[{"count":130,"href":"https:\/\/www.camping-bleesbruck.lu\/fr\/wp-json\/wp\/v2\/pages\/2200\/revisions"}],"predecessor-version":[{"id":12695,"href":"https:\/\/www.camping-bleesbruck.lu\/fr\/wp-json\/wp\/v2\/pages\/2200\/revisions\/12695"}],"wp:featuredmedia":[{"embeddable":true,"href":"https:\/\/www.camping-bleesbruck.lu\/fr\/wp-json\/wp\/v2\/media\/12062"}],"wp:attachment":[{"href":"https:\/\/www.camping-bleesbruck.lu\/fr\/wp-json\/wp\/v2\/media?parent=2200"}],"curies":[{"name":"wp","href":"https:\/\/api.w.org\/{rel}","templated":true}]}}