{"id":2910,"date":"2021-07-23T08:17:44","date_gmt":"2021-07-23T08:17:44","guid":{"rendered":"https:\/\/www.camping-bleesbruck.lu\/impressum\/"},"modified":"2023-11-13T08:56:15","modified_gmt":"2023-11-13T08:56:15","slug":"mentions-legales","status":"publish","type":"page","link":"https:\/\/www.camping-bleesbruck.lu\/fr\/mentions-legales\/","title":{"rendered":"Mentions l\u00e9gales"},"content":{"rendered":"\n<h2 class=\"wp-block-heading\">Publi\u00e9 par:<\/h2>\n\n\n\n<p>Camping Bleesbruck s\u00e0rl.<br>TVA: 1996\/2411\/854<br>RCS: B104596<\/p>\n\n\n\n<p><strong>G\u00e9rante:<\/strong> Anne Hamen<\/p>\n\n\n\n<p>1, Bleesbruck <br>L-9359 Bettendorf<\/p>\n\n\n\n<p><a href=\"tel:+352803134\">+352 803134<\/a><br><a href=\"mailto:info@camping-bleesbruck.lu\">info@camping-bleesbruck.lu<\/a><br><a href=\"http:\/\/www.camping-bleesbruck.lu\">www.camping-bleesbruck.lu<\/a><\/p>\n\n\n\n<h2 class=\"wp-block-heading\">Droits d&rsquo;auteur<\/h2>\n\n\n\n<p>Toutes les informations contenues dans ce site Web sont confidentielles.<\/p>\n\n\n\n<p>Toutes les entreprises et marques cit\u00e9es sont la propri\u00e9t\u00e9 de leurs \u00e9diteurs et ne servent qu&rsquo;\u00e0 la description et identification des produits.<\/p>\n\n\n\n<h2 class=\"wp-block-heading\">Responsabilit\u00e9<\/h2>\n\n\n\n<p>L&rsquo;\u00e9diteur de ce site n&rsquo;est pas responsable de l&rsquo;exactitude du contenu. Toutes les informations ont \u00e9t\u00e9 recherch\u00e9es, mais si vous remarquez des erreurs ou des informations incorrectes sur ce site web, veuillez nous le faire savoir.<\/p>\n\n\n\n<p>Nous d\u00e9clinons toute responsabilit\u00e9 quant au contenu des liens externes et des sites web li\u00e9s.<\/p>\n\n\n\n<h2 class=\"wp-block-heading\">PRODUCTION<\/h2>\n\n\n\n<p>Digital Vision S.\u00e0r.l. \u2013 Services informatiques<br>Am Hock, 4<br>L-9991 Weiswampach<\/p>\n\n\n\n<p>www. digitalvision.lu<\/p>\n\n\n\n<p>+352 206 011 02<br>IBLC: LU31296945<br>Matricule: 2019 2436 495<br>RCS Luxembourg: B235393<\/p>\n\n\n\n<h2 class=\"wp-block-heading\">WEB HOSTING \/ DATACENTER<\/h2>\n\n\n\n<p><strong>HostPress GmbH<\/strong><br>Bahnhofstr. 34,<br>66571 Eppelborn<\/p>\n\n\n\n<p>Allemagne<\/p>\n","protected":false},"excerpt":{"rendered":"<p>Publi\u00e9 par: Camping Bleesbruck s\u00e0rl.TVA: 1996\/2411\/854RCS: B104596 G\u00e9rante: Anne Hamen 1, Bleesbruck L-9359 Bettendorf +352 803134info@camping-bleesbruck.luwww.camping-bleesbruck.lu Droits d&rsquo;auteur Toutes les informations contenues dans ce site Web sont confidentielles. Toutes les<\/p>\n","protected":false},"author":1,"featured_media":1080,"parent":0,"menu_order":0,"comment_status":"closed","ping_status":"closed","template":"page-legal.php","meta":{"_acf_changed":false,"footnotes":""},"class_list":["post-2910","page","type-page","status-publish","has-post-thumbnail","hentry"],"acf":[],"yoast_head":"<!-- This site is optimized with the Yoast SEO plugin v27.4 - https:\/\/yoast.com\/product\/yoast-seo-wordpress\/ -->\n<title>Mentions l\u00e9gales - Camping Bleesbruck<\/title>\n<meta name=\"description\" content=\"Camping Bleesbruck s\u00e0rl. Administrateur : Anne Hamen1, Bleesbruck L-9359 Bettendorf. Informations sur la responsabilit\u00e9 et le copyright ici.\" \/>\n<meta name=\"robots\" content=\"index, follow, max-snippet:-1, max-image-preview:large, max-video-preview:-1\" \/>\n<link rel=\"canonical\" href=\"https:\/\/www.camping-bleesbruck.lu\/fr\/mentions-legales\/\" \/>\n<meta property=\"og:locale\" content=\"fr_FR\" \/>\n<meta property=\"og:type\" content=\"article\" \/>\n<meta property=\"og:title\" content=\"Mentions l\u00e9gales - Camping Bleesbruck\" \/>\n<meta property=\"og:description\" content=\"Camping Bleesbruck s\u00e0rl. Administrateur : Anne Hamen1, Bleesbruck L-9359 Bettendorf. Informations sur la responsabilit\u00e9 et le copyright ici.\" \/>\n<meta property=\"og:url\" content=\"https:\/\/www.camping-bleesbruck.lu\/fr\/mentions-legales\/\" \/>\n<meta property=\"og:site_name\" content=\"Camping Bleesbruck\" \/>\n<meta property=\"article:modified_time\" content=\"2023-11-13T08:56:15+00:00\" \/>\n<meta property=\"og:image\" content=\"https:\/\/www.camping-bleesbruck.lu\/wp-content\/uploads\/2021\/04\/Eingang_002.jpg\" \/>\n\t<meta property=\"og:image:width\" content=\"2560\" \/>\n\t<meta property=\"og:image:height\" content=\"1707\" \/>\n\t<meta property=\"og:image:type\" content=\"image\/jpeg\" \/>\n<meta name=\"twitter:card\" content=\"summary_large_image\" \/>\n<meta name=\"twitter:label1\" content=\"Dur\u00e9e de lecture estim\u00e9e\" \/>\n\t<meta name=\"twitter:data1\" content=\"1 minute\" \/>\n<script type=\"application\/ld+json\" class=\"yoast-schema-graph\">{\"@context\":\"https:\\\/\\\/schema.org\",\"@graph\":[{\"@type\":\"WebPage\",\"@id\":\"https:\\\/\\\/www.camping-bleesbruck.lu\\\/fr\\\/mentions-legales\\\/\",\"url\":\"https:\\\/\\\/www.camping-bleesbruck.lu\\\/fr\\\/mentions-legales\\\/\",\"name\":\"Mentions l\u00e9gales - Camping Bleesbruck\",\"isPartOf\":{\"@id\":\"https:\\\/\\\/www.camping-bleesbruck.lu\\\/#website\"},\"primaryImageOfPage\":{\"@id\":\"https:\\\/\\\/www.camping-bleesbruck.lu\\\/fr\\\/mentions-legales\\\/#primaryimage\"},\"image\":{\"@id\":\"https:\\\/\\\/www.camping-bleesbruck.lu\\\/fr\\\/mentions-legales\\\/#primaryimage\"},\"thumbnailUrl\":\"https:\\\/\\\/www.camping-bleesbruck.lu\\\/wp-content\\\/uploads\\\/2021\\\/04\\\/Eingang_002.jpg\",\"datePublished\":\"2021-07-23T08:17:44+00:00\",\"dateModified\":\"2023-11-13T08:56:15+00:00\",\"description\":\"Camping Bleesbruck s\u00e0rl. Administrateur : Anne Hamen1, Bleesbruck L-9359 Bettendorf. Informations sur la responsabilit\u00e9 et le copyright ici.\",\"breadcrumb\":{\"@id\":\"https:\\\/\\\/www.camping-bleesbruck.lu\\\/fr\\\/mentions-legales\\\/#breadcrumb\"},\"inLanguage\":\"fr-FR\",\"potentialAction\":[{\"@type\":\"ReadAction\",\"target\":[\"https:\\\/\\\/www.camping-bleesbruck.lu\\\/fr\\\/mentions-legales\\\/\"]}]},{\"@type\":\"ImageObject\",\"inLanguage\":\"fr-FR\",\"@id\":\"https:\\\/\\\/www.camping-bleesbruck.lu\\\/fr\\\/mentions-legales\\\/#primaryimage\",\"url\":\"https:\\\/\\\/www.camping-bleesbruck.lu\\\/wp-content\\\/uploads\\\/2021\\\/04\\\/Eingang_002.jpg\",\"contentUrl\":\"https:\\\/\\\/www.camping-bleesbruck.lu\\\/wp-content\\\/uploads\\\/2021\\\/04\\\/Eingang_002.jpg\",\"width\":2560,\"height\":1707},{\"@type\":\"BreadcrumbList\",\"@id\":\"https:\\\/\\\/www.camping-bleesbruck.lu\\\/fr\\\/mentions-legales\\\/#breadcrumb\",\"itemListElement\":[{\"@type\":\"ListItem\",\"position\":1,\"name\":\"Home\",\"item\":\"https:\\\/\\\/www.camping-bleesbruck.lu\\\/fr\\\/\"},{\"@type\":\"ListItem\",\"position\":2,\"name\":\"Mentions l\u00e9gales\"}]},{\"@type\":\"WebSite\",\"@id\":\"https:\\\/\\\/www.camping-bleesbruck.lu\\\/#website\",\"url\":\"https:\\\/\\\/www.camping-bleesbruck.lu\\\/\",\"name\":\"Camping Bleesbruck\",\"description\":\"Just another WordPress site\",\"potentialAction\":[{\"@type\":\"SearchAction\",\"target\":{\"@type\":\"EntryPoint\",\"urlTemplate\":\"https:\\\/\\\/www.camping-bleesbruck.lu\\\/?s={search_term_string}\"},\"query-input\":{\"@type\":\"PropertyValueSpecification\",\"valueRequired\":true,\"valueName\":\"search_term_string\"}}],\"inLanguage\":\"fr-FR\"}]}<\/script>\n<!-- \/ Yoast SEO plugin. -->","yoast_head_json":{"title":"Mentions l\u00e9gales - Camping Bleesbruck","description":"Camping Bleesbruck s\u00e0rl. Administrateur : Anne Hamen1, Bleesbruck L-9359 Bettendorf. Informations sur la responsabilit\u00e9 et le copyright ici.","robots":{"index":"index","follow":"follow","max-snippet":"max-snippet:-1","max-image-preview":"max-image-preview:large","max-video-preview":"max-video-preview:-1"},"canonical":"https:\/\/www.camping-bleesbruck.lu\/fr\/mentions-legales\/","og_locale":"fr_FR","og_type":"article","og_title":"Mentions l\u00e9gales - Camping Bleesbruck","og_description":"Camping Bleesbruck s\u00e0rl. Administrateur : Anne Hamen1, Bleesbruck L-9359 Bettendorf. Informations sur la responsabilit\u00e9 et le copyright ici.","og_url":"https:\/\/www.camping-bleesbruck.lu\/fr\/mentions-legales\/","og_site_name":"Camping Bleesbruck","article_modified_time":"2023-11-13T08:56:15+00:00","og_image":[{"width":2560,"height":1707,"url":"https:\/\/www.camping-bleesbruck.lu\/wp-content\/uploads\/2021\/04\/Eingang_002.jpg","type":"image\/jpeg"}],"twitter_card":"summary_large_image","twitter_misc":{"Dur\u00e9e de lecture estim\u00e9e":"1 minute"},"schema":{"@context":"https:\/\/schema.org","@graph":[{"@type":"WebPage","@id":"https:\/\/www.camping-bleesbruck.lu\/fr\/mentions-legales\/","url":"https:\/\/www.camping-bleesbruck.lu\/fr\/mentions-legales\/","name":"Mentions l\u00e9gales - Camping Bleesbruck","isPartOf":{"@id":"https:\/\/www.camping-bleesbruck.lu\/#website"},"primaryImageOfPage":{"@id":"https:\/\/www.camping-bleesbruck.lu\/fr\/mentions-legales\/#primaryimage"},"image":{"@id":"https:\/\/www.camping-bleesbruck.lu\/fr\/mentions-legales\/#primaryimage"},"thumbnailUrl":"https:\/\/www.camping-bleesbruck.lu\/wp-content\/uploads\/2021\/04\/Eingang_002.jpg","datePublished":"2021-07-23T08:17:44+00:00","dateModified":"2023-11-13T08:56:15+00:00","description":"Camping Bleesbruck s\u00e0rl. Administrateur : Anne Hamen1, Bleesbruck L-9359 Bettendorf. Informations sur la responsabilit\u00e9 et le copyright ici.","breadcrumb":{"@id":"https:\/\/www.camping-bleesbruck.lu\/fr\/mentions-legales\/#breadcrumb"},"inLanguage":"fr-FR","potentialAction":[{"@type":"ReadAction","target":["https:\/\/www.camping-bleesbruck.lu\/fr\/mentions-legales\/"]}]},{"@type":"ImageObject","inLanguage":"fr-FR","@id":"https:\/\/www.camping-bleesbruck.lu\/fr\/mentions-legales\/#primaryimage","url":"https:\/\/www.camping-bleesbruck.lu\/wp-content\/uploads\/2021\/04\/Eingang_002.jpg","contentUrl":"https:\/\/www.camping-bleesbruck.lu\/wp-content\/uploads\/2021\/04\/Eingang_002.jpg","width":2560,"height":1707},{"@type":"BreadcrumbList","@id":"https:\/\/www.camping-bleesbruck.lu\/fr\/mentions-legales\/#breadcrumb","itemListElement":[{"@type":"ListItem","position":1,"name":"Home","item":"https:\/\/www.camping-bleesbruck.lu\/fr\/"},{"@type":"ListItem","position":2,"name":"Mentions l\u00e9gales"}]},{"@type":"WebSite","@id":"https:\/\/www.camping-bleesbruck.lu\/#website","url":"https:\/\/www.camping-bleesbruck.lu\/","name":"Camping Bleesbruck","description":"Just another WordPress site","potentialAction":[{"@type":"SearchAction","target":{"@type":"EntryPoint","urlTemplate":"https:\/\/www.camping-bleesbruck.lu\/?s={search_term_string}"},"query-input":{"@type":"PropertyValueSpecification","valueRequired":true,"valueName":"search_term_string"}}],"inLanguage":"fr-FR"}]}},"_links":{"self":[{"href":"https:\/\/www.camping-bleesbruck.lu\/fr\/wp-json\/wp\/v2\/pages\/2910","targetHints":{"allow":["GET"]}}],"collection":[{"href":"https:\/\/www.camping-bleesbruck.lu\/fr\/wp-json\/wp\/v2\/pages"}],"about":[{"href":"https:\/\/www.camping-bleesbruck.lu\/fr\/wp-json\/wp\/v2\/types\/page"}],"author":[{"embeddable":true,"href":"https:\/\/www.camping-bleesbruck.lu\/fr\/wp-json\/wp\/v2\/users\/1"}],"replies":[{"embeddable":true,"href":"https:\/\/www.camping-bleesbruck.lu\/fr\/wp-json\/wp\/v2\/comments?post=2910"}],"version-history":[{"count":3,"href":"https:\/\/www.camping-bleesbruck.lu\/fr\/wp-json\/wp\/v2\/pages\/2910\/revisions"}],"predecessor-version":[{"id":9147,"href":"https:\/\/www.camping-bleesbruck.lu\/fr\/wp-json\/wp\/v2\/pages\/2910\/revisions\/9147"}],"wp:featuredmedia":[{"embeddable":true,"href":"https:\/\/www.camping-bleesbruck.lu\/fr\/wp-json\/wp\/v2\/media\/1080"}],"wp:attachment":[{"href":"https:\/\/www.camping-bleesbruck.lu\/fr\/wp-json\/wp\/v2\/media?parent=2910"}],"curies":[{"name":"wp","href":"https:\/\/api.w.org\/{rel}","templated":true}]}}