{"id":2926,"date":"2021-07-23T08:45:11","date_gmt":"2021-07-23T08:45:11","guid":{"rendered":"https:\/\/www.camping-bleesbruck.lu\/datenschutzerklaerung\/"},"modified":"2021-08-26T14:11:30","modified_gmt":"2021-08-26T14:11:30","slug":"politique-de-confidentialite","status":"publish","type":"page","link":"https:\/\/www.camping-bleesbruck.lu\/fr\/politique-de-confidentialite\/","title":{"rendered":"Politique de confidentialit\u00e9"},"content":{"rendered":"\n<p>La pr\u00e9sente d\u00e9claration de confidentialit\u00e9 a \u00e9t\u00e9 \u00e9labor\u00e9e conform\u00e9ment aux dispositions du <a href=\"https:\/\/eur-lex.europa.eu\/legal-content\/DE\/ALL\/?uri=celex%3A32016R0679&amp;tid=311237616\" target=\"_blank\" rel=\"noreferrer noopener\">r\u00e8glement g\u00e9n\u00e9ral sur la protection des donn\u00e9es (UE) 2016\/679<\/a>. Elle sert \u00e0 vous expliquer quelles informations et donn\u00e9es nous utilisons et collectons et comment.<\/p>\n\n\n\n<p>Les dispositions du RGPD leur conf\u00e8rent g\u00e9n\u00e9ralement les droits suivants :<\/p>\n\n\n\n<ul class=\"wp-block-list\"><li>Transparence de l&rsquo;information et de la communication (article 12) <\/li><li>Droit \u00e0 l&rsquo;information (articles 13 et 14)<\/li><li>Droit d&rsquo;acc\u00e8s \u00e0 l&rsquo;information (art. 15)<\/li><li>Droit de rectification (art. 16)<\/li><li>Droit \u00e0 l&rsquo;effacement (art. 17) <\/li><li>Droit \u00e0 la limitation du traitement (art. 18)<\/li><li>Droit \u00e0 la portabilit\u00e9 (article 20)) <\/li><li>Droit d&rsquo;opposition (art. 21)<\/li><li>Droit d&rsquo;opposition aux d\u00e9cisions automatis\u00e9es (article 22)<\/li><\/ul>\n\n\n\n<p><a href=\"https:\/\/impotsdirects.public.lu\/fr\/az\/r\/RGPD_GDPR.html\" target=\"_blank\" rel=\"noreferrer noopener\">https:\/\/impotsdirects.public.lu\/fr\/az\/r\/RGPD_GDPR.html<\/a><\/p>\n\n\n\n<h2 class=\"wp-block-heading\">Protection des donn\u00e9es et de la vie priv\u00e9e<\/h2>\n\n\n\n<h3 class=\"wp-block-heading\">Donn\u00e9es personnelles<\/h3>\n\n\n\n<p>Dans certains cas, notamment lorsque l&rsquo;utilisateur remplit et soumet un formulaire sur le site web, il est possible que certaines donn\u00e9es personnelles soient stock\u00e9es sur le serveur. Ces informations sont consid\u00e9r\u00e9es comme confidentielles et sont trait\u00e9es en cons\u00e9quence. Elles ne seront jamais vendues ou donn\u00e9es \u00e0 des tiers sans le consentement de l&rsquo;utilisateur. L&rsquo;utilisateur a le droit d&rsquo;acc\u00e9der \u00e0 ses donn\u00e9es personnelles afin de v\u00e9rifier leur exactitude et, le cas \u00e9ch\u00e9ant, de demander leur suppression. Pour ce faire, l&rsquo;utilisateur doit adresser une lettre recommand\u00e9e par voie postale \u00e0 l&rsquo;\u00e9diteur du site dont les coordonn\u00e9es sont indiqu\u00e9es ci-dessus.<\/p>\n\n\n\n<p>En outre, entre autres, la communication par courrier \u00e9lectronique avec la personne morale ou physique nomm\u00e9e dans l&#8217;empreinte, ou les donn\u00e9es personnelles enregistr\u00e9es, par exemple, lors d&rsquo;un appel t\u00e9l\u00e9phonique pour \u00eatre utilis\u00e9es \u00e0 des fins commerciales, seront conserv\u00e9es aussi longtemps que la loi l&rsquo;exige ou que la relation commerciale le n\u00e9cessite. <\/p>\n\n\n\n<p>Si vous communiquez avec la personne morale ou physique d\u00e9sign\u00e9e dans les mentions l\u00e9gales au moyen d&rsquo;un formulaire en ligne, les informations sont stock\u00e9es sur un serveur web et, si n\u00e9cessaire, transmises \u00e0 une adresse \u00e9lectronique de la personne morale ou physique d\u00e9sign\u00e9e dans les mentions l\u00e9gales. Ces informations seront supprim\u00e9es d\u00e8s que les dispositions l\u00e9gales le permettront.<\/p>\n\n\n\n<h3 class=\"wp-block-heading\">Utilisation des cookies<\/h3>\n\n\n\n<p>Comme la plupart des sites web, le site www.camping-bleesbruck.lu utilise des cookies. Les cookies sont de petits fichiers texte inoffensifs qui am\u00e9liorent le confort de l&rsquo;utilisateur sur le site web. Les cookies permettent \u00e0 l&rsquo;\u00e9diteur de tenir des statistiques anonymes sur les visiteurs du site.<\/p>\n\n\n\n<p>Ce site web ne fonctionnera pas sans cookies. Nous demandons donc \u00e0 toute personne qui n&rsquo;accepte pas l&rsquo;utilisation de cookies sur ce site web de mettre imm\u00e9diatement fin \u00e0 sa session de navigation.<\/p>\n\n\n\n<h3 class=\"wp-block-heading\">Quels sont les diff\u00e9rents types de cookies ? <\/h3>\n\n\n\n<p>La question de savoir quels cookies nous utilisons en particulier d\u00e9pend des services utilis\u00e9s et est clarifi\u00e9e dans les sections suivantes de la politique de confidentialit\u00e9. \u00c0 ce stade, nous souhaitons aborder bri\u00e8vement les diff\u00e9rents types de cookies HTTP.<\/p>\n\n\n\n<p>On peut distinguer 4 types de cookies : <\/p>\n\n\n\n<ul class=\"wp-block-list\"><li><strong>Cookies essentiels<\/strong> <br>Ces cookies sont n\u00e9cessaires pour assurer la fonctionnalit\u00e9 de base du site web. Par exemple, ces cookies sont n\u00e9cessaires lorsqu&rsquo;un utilisateur ajoute un produit au panier, puis continue \u00e0 parcourir d&rsquo;autres pages et passe ensuite \u00e0 la caisse. Gr\u00e2ce \u00e0 ces cookies, le panier d&rsquo;achat n&rsquo;est pas supprim\u00e9 m\u00eame si l&rsquo;utilisateur ferme la fen\u00eatre de son navigateur.<\/li><li><strong>Cookies \u00e0 but pr\u00e9cis<\/strong><br>Ces cookies recueillent des informations sur le comportement de l&rsquo;utilisateur et indiquent si l&rsquo;utilisateur re\u00e7oit des messages d&rsquo;erreur. En outre, ces cookies sont \u00e9galement utilis\u00e9s pour mesurer le temps de chargement et le comportement du site web avec diff\u00e9rents navigateurs. <\/li><li><strong>Cookies cibl\u00e9s<\/strong> <br>Ces cookies permettent une meilleure exp\u00e9rience utilisateur. Par exemple, les emplacements saisis, les tailles de police ou les donn\u00e9es de formulaire sont stock\u00e9s.<\/li><li><strong>Cookies publicitaires<\/strong> <br>Ces cookies sont \u00e9galement appel\u00e9s cookies de ciblage. Ils sont utilis\u00e9s pour fournir des publicit\u00e9s personnalis\u00e9es \u00e0 l&rsquo;utilisateur. Cela peut \u00eatre tr\u00e8s pratique, mais aussi tr\u00e8s ennuyeux.<\/li><\/ul>\n\n\n\n<p>\u00dcblicherweise werden Sie beim erstmaligen Besuch einer Website gefragt, welche dieser Cookie Arten Sie zulassen m\u00f6chten. Und nat\u00fcrlich wird diese Entscheidung auch in einem Cookie gespeichert. <\/p>\n\n\n<table class=\"wt-cli-element cookielawinfo-classic cookielawinfo-row-cat-table\"><thead><tr><th scope=\"col\" class=\"cookielawinfo-column-1\">Cookie<\/th><th scope=\"col\" class=\"cookielawinfo-column-4\">Description<\/th><\/thead><tbody><tr class=\"cookielawinfo-row-cat-title\"><th colspan=\"2\" class=\"cookielawinfo-row-cat-title-head\">Performance<\/th><\/tr><tr class=\"cookielawinfo-row\"><td class=\"cookielawinfo-column-1\">_gat<\/td><td class=\"cookielawinfo-column-4\">Ce cookie est install\u00e9 par Google Universal Analytics pour r\u00e9duire le taux de requ\u00eate afin de limiter la collecte de donn\u00e9es sur les sites \u00e0 fort trafic.<\/td><\/tr><tr class=\"cookielawinfo-row-cat-title\"><th colspan=\"2\" class=\"cookielawinfo-row-cat-title-head\">Analytics<\/th><\/tr><tr class=\"cookielawinfo-row\"><td class=\"cookielawinfo-column-1\">_gid<\/td><td class=\"cookielawinfo-column-4\">Les cookies de performance sont utilis\u00e9s pour comprendre et analyser les principaux indices de performance du site web, ce qui permet d'offrir une meilleure exp\u00e9rience utilisateur aux visiteurs.<\/td><\/tr><tr class=\"cookielawinfo-row\"><td class=\"cookielawinfo-column-1\">_ga<\/td><td class=\"cookielawinfo-column-4\">Ce cookie est install\u00e9 par Google Analytics. Ce cookie est utilis\u00e9 pour calculer les donn\u00e9es relatives aux visiteurs, aux sessions et aux campagnes et pour suivre l'utilisation du site pour le rapport d'analyse du site. Les cookies stockent les informations de mani\u00e8re anonyme et attribuent un num\u00e9ro g\u00e9n\u00e9r\u00e9 de mani\u00e8re al\u00e9atoire pour identifier les visiteurs uniques.<\/td><\/tr><tr class=\"cookielawinfo-row-cat-title\"><th colspan=\"2\" class=\"cookielawinfo-row-cat-title-head\">N\u00e9cessaire<\/th><\/tr><tr class=\"cookielawinfo-row\"><td class=\"cookielawinfo-column-1\">cookielawinfo-checkbox-advertisement<\/td><td class=\"cookielawinfo-column-4\">Le cookie est d\u00e9fini par le consentement aux cookies GDPR pour enregistrer le consentement de l'utilisateur pour les cookies de la cat\u00e9gorie \"Publicit\u00e9\".<\/td><\/tr><tr class=\"cookielawinfo-row\"><td class=\"cookielawinfo-column-1\">PHPSESSID<\/td><td class=\"cookielawinfo-column-4\">Ce cookie est natif des applications PHP. Le cookie est utilis\u00e9 pour stocker et identifier l'ID de session unique d'un utilisateur dans le but de g\u00e9rer la session de l'utilisateur sur le site Web. Ce cookie est un cookie de session et est supprim\u00e9 lorsque toutes les fen\u00eatres du navigateur sont ferm\u00e9es.<\/td><\/tr><tr class=\"cookielawinfo-row\"><td class=\"cookielawinfo-column-1\">viewed_cookie_policy<\/td><td class=\"cookielawinfo-column-4\">Ce cookie est d\u00e9fini par le plugin GDPR Cookie Consent et est utilis\u00e9 pour stocker si l'utilisateur a consenti ou non \u00e0 l'utilisation de cookies. Il ne stocke pas de donn\u00e9es personnelles.<\/td><\/tr><tr class=\"cookielawinfo-row\"><td class=\"cookielawinfo-column-1\">cookielawinfo-checkbox-necessary<\/td><td class=\"cookielawinfo-column-4\">Ce cookie est d\u00e9fini par le plugin de consentement aux cookies du GDPR. Il est utilis\u00e9 pour stocker le consentement de l'utilisateur pour les cookies de la cat\u00e9gorie \"N\u00e9cessaire\".<\/td><\/tr><tr class=\"cookielawinfo-row\"><td class=\"cookielawinfo-column-1\">cookielawinfo-checkbox-analytics<\/td><td class=\"cookielawinfo-column-4\">Ce cookie est d\u00e9fini par le plugin de consentement aux cookies GDPR. Le cookie est utilis\u00e9 pour stocker le consentement de l'utilisateur pour les cookies de la cat\u00e9gorie \"Analytics\".<\/td><\/tr><tr class=\"cookielawinfo-row\"><td class=\"cookielawinfo-column-1\">cookielawinfo-checkbox-performance<\/td><td class=\"cookielawinfo-column-4\">Ce cookie est d\u00e9fini par le plugin de consentement aux cookies GDPR. Ce cookie est utilis\u00e9 pour stocker le consentement de l'utilisateur pour les cookies de la cat\u00e9gorie \"Performance\".<\/td><\/tr><\/tbody><\/table>\n\n\n\n<h3 class=\"wp-block-heading\">Droit d&rsquo;opposition &#8211; comment puis-je supprimer les cookies ?<\/h3>\n\n\n\n<p>C&rsquo;est vous qui d\u00e9cidez si et comment vous voulez utiliser les cookies. Quel que soit le service ou le site web d&rsquo;o\u00f9 proviennent les cookies, vous avez toujours la possibilit\u00e9 de supprimer, de d\u00e9sactiver ou de n&rsquo;autoriser que partiellement les cookies. Par exemple, vous pouvez bloquer les cookies tiers mais autoriser tous les autres cookies.<\/p>\n\n\n\n<p>Si, d&rsquo;une mani\u00e8re g\u00e9n\u00e9rale, vous ne souhaitez pas recevoir de cookies, vous pouvez configurer votre navigateur de mani\u00e8re \u00e0 ce qu&rsquo;il vous informe toujours lorsqu&rsquo;un cookie doit \u00eatre plac\u00e9. De cette fa\u00e7on, vous pouvez d\u00e9cider pour chaque cookie individuel si vous l&rsquo;autorisez ou non.<\/p>\n\n\n\n<h3 class=\"wp-block-heading\">Prestataire de services de paiement<\/h3>\n\n\n\n<p>Nous utilisons des syst\u00e8mes de paiement en ligne sur notre site web qui nous permettent, ainsi qu&rsquo;\u00e0 vous, de b\u00e9n\u00e9ficier d&rsquo;un processus de paiement s\u00e9curis\u00e9 et fluide. Au cours de ce processus, les donn\u00e9es \u00e0 caract\u00e8re personnel peuvent \u00eatre et seront envoy\u00e9es au prestataire de services de paiement concern\u00e9, o\u00f9 elles seront stock\u00e9es et trait\u00e9es. Les prestataires de paiement sont des syst\u00e8mes de paiement en ligne qui vous permettent de passer une commande sous la forme, par exemple, d&rsquo;une transaction via une banque en ligne. Dans ce cas, le traitement du paiement est effectu\u00e9 par le prestataire de paiement que vous avez s\u00e9lectionn\u00e9. Nous recevrons alors des informations sur le paiement effectu\u00e9.<\/p>\n\n\n\n<h3 class=\"wp-block-heading\">Pourquoi utilisons-nous des prestataires de paiement sur notre site web ?<\/h3>\n\n\n\n<p>Bien entendu, nous souhaitons offrir le meilleur service possible avec notre site web et notre boutique en ligne int\u00e9gr\u00e9e, afin que vous vous sentiez \u00e0 l&rsquo;aise sur notre site et puissiez utiliser nos offres. Nous savons que votre temps est pr\u00e9cieux et, en particulier, que les processus de paiement doivent fonctionner rapidement et sans heurts. Pour ces raisons, nous offrons une vari\u00e9t\u00e9 de fournisseurs de paiement. Vous pouvez choisir votre fournisseur de paiement pr\u00e9f\u00e9r\u00e9 et payer de la mani\u00e8re habituelle.<\/p>\n\n\n\n<h3 class=\"wp-block-heading\">Quelles sont les donn\u00e9es trait\u00e9es ?<\/h3>\n\n\n\n<p>La nature exacte des donn\u00e9es trait\u00e9es d\u00e9pend, bien entendu, du prestataire de paiement concern\u00e9. Mais fondamentalement, des donn\u00e9es telles que le nom, l&rsquo;adresse, les coordonn\u00e9es bancaires sont stock\u00e9es. Ces donn\u00e9es sont n\u00e9cessaires pour pouvoir effectuer une transaction. En outre, les donn\u00e9es contractuelles et les donn\u00e9es relatives aux utilisateurs, telles que le moment o\u00f9 vous visitez notre site web, le contenu qui vous int\u00e9resse ou les sous-pages sur lesquelles vous cliquez, peuvent \u00e9galement \u00eatre stock\u00e9es. Votre adresse IP et les informations relatives \u00e0 l&rsquo;ordinateur que vous utilisez peuvent \u00e9galement \u00eatre stock\u00e9es par la plupart des fournisseurs de services de paiement.<\/p>\n\n\n\n<p>Les donn\u00e9es sont g\u00e9n\u00e9ralement stock\u00e9es et trait\u00e9es sur les serveurs des prestataires de paiement. En tant qu&rsquo;exploitant du site web, nous ne recevons pas ces donn\u00e9es. Nous sommes seulement inform\u00e9s que le paiement a fonctionn\u00e9 ou non. Pour les contr\u00f4les d&rsquo;identit\u00e9 et de cr\u00e9dit, il peut arriver que les prestataires de paiement transmettent les donn\u00e9es \u00e0 l&rsquo;organisme appropri\u00e9. Pour toutes les op\u00e9rations de paiement, les principes commerciaux et de protection des donn\u00e9es du fournisseur respectif s&rsquo;appliquent toujours. Par cons\u00e9quent, veuillez toujours v\u00e9rifier les conditions g\u00e9n\u00e9rales et la politique de confidentialit\u00e9 du prestataire de paiement. Vous avez \u00e9galement le droit de faire supprimer ou corriger vos donn\u00e9es \u00e0 tout moment. Veuillez contacter le fournisseur de services concern\u00e9 pour conna\u00eetre vos droits (droit de r\u00e9vocation, droit \u00e0 l&rsquo;information et droit d&rsquo;\u00eatre affect\u00e9).<\/p>\n\n\n\n<h3 class=\"wp-block-heading\">Dur\u00e9e du traitement des donn\u00e9es<\/h3>\n\n\n\n<p>Nous vous informerons de la dur\u00e9e du traitement des donn\u00e9es ci-dessous si nous disposons de plus amples informations \u00e0 ce sujet. En g\u00e9n\u00e9ral, nous ne traitons les donn\u00e9es \u00e0 caract\u00e8re personnel que dans la mesure o\u00f9 elles sont absolument n\u00e9cessaires \u00e0 la fourniture de nos services et produits. Si la loi l&rsquo;exige, par exemple dans le cas de la comptabilit\u00e9, ce d\u00e9lai de conservation peut \u00eatre d\u00e9pass\u00e9. Par exemple, nous conservons les pi\u00e8ces comptables et autres documents de paiement relatifs \u00e0 une relation commerciale pendant 10 ans et d&rsquo;autres documents commerciaux pertinents pendant 6 ans apr\u00e8s leur cr\u00e9ation.<\/p>\n\n\n\n<h3 class=\"wp-block-heading\">Droit d&rsquo;objection<\/h3>\n\n\n\n<p>Vous disposez toujours d&rsquo;un droit d&rsquo;information, de rectification et de suppression de vos donn\u00e9es personnelles. Si vous avez des questions, vous pouvez \u00e9galement contacter \u00e0 tout moment la personne responsable du prestataire de paiement utilis\u00e9. Vous trouverez les coordonn\u00e9es sur le site web du prestataire de paiement concern\u00e9.<\/p>\n\n\n\n<p>Vous pouvez supprimer, d\u00e9sactiver ou g\u00e9rer les cookies que les prestataires de paiement utilisent pour leurs fonctions dans votre navigateur. Selon le navigateur que vous utilisez, cela fonctionne de diff\u00e9rentes mani\u00e8res. Veuillez noter, toutefois, que le processus de paiement peut alors ne plus fonctionner.<\/p>\n\n\n\n<h2 class=\"wp-block-heading\">R\u00e9alisation <\/h2>\n\n\n\n<p><a href=\"https:\/\/www.digitalvision.lu\" target=\"_blank\" rel=\"noreferrer noopener\">Digital Vision<\/a><\/p>\n\n\n\n<h2 class=\"wp-block-heading\">Photos\/Vid\u00e9os <\/h2>\n\n\n\n<p>www.camping-bleesbruck.lu<\/p>\n","protected":false},"excerpt":{"rendered":"<p>La pr\u00e9sente d\u00e9claration de confidentialit\u00e9 a \u00e9t\u00e9 \u00e9labor\u00e9e conform\u00e9ment aux dispositions du r\u00e8glement g\u00e9n\u00e9ral sur la protection des donn\u00e9es (UE) 2016\/679. Elle sert \u00e0 vous expliquer quelles informations et donn\u00e9es<\/p>\n","protected":false},"author":1,"featured_media":1132,"parent":0,"menu_order":0,"comment_status":"closed","ping_status":"closed","template":"page-legal.php","meta":{"_acf_changed":false,"footnotes":""},"class_list":["post-2926","page","type-page","status-publish","has-post-thumbnail","hentry"],"acf":[],"yoast_head":"<!-- This site is optimized with the Yoast SEO plugin v27.4 - https:\/\/yoast.com\/product\/yoast-seo-wordpress\/ -->\n<title>Politique de confidentialit\u00e9 - Camping Bleesbruck<\/title>\n<meta name=\"description\" content=\"Dans la politique de confidentialit\u00e9 du Camping Bleesbruck, vous trouverez toutes les informations concernant la protection de vos donn\u00e9es.\" \/>\n<meta name=\"robots\" content=\"index, follow, max-snippet:-1, max-image-preview:large, max-video-preview:-1\" \/>\n<link rel=\"canonical\" href=\"https:\/\/www.camping-bleesbruck.lu\/fr\/politique-de-confidentialite\/\" \/>\n<meta property=\"og:locale\" content=\"fr_FR\" \/>\n<meta property=\"og:type\" content=\"article\" \/>\n<meta property=\"og:title\" content=\"Politique de confidentialit\u00e9 - Camping Bleesbruck\" \/>\n<meta property=\"og:description\" content=\"Dans la politique de confidentialit\u00e9 du Camping Bleesbruck, vous trouverez toutes les informations concernant la protection de vos donn\u00e9es.\" \/>\n<meta property=\"og:url\" content=\"https:\/\/www.camping-bleesbruck.lu\/fr\/politique-de-confidentialite\/\" \/>\n<meta property=\"og:site_name\" content=\"Camping Bleesbruck\" \/>\n<meta property=\"article:modified_time\" content=\"2021-08-26T14:11:30+00:00\" \/>\n<meta property=\"og:image\" content=\"https:\/\/www.camping-bleesbruck.lu\/wp-content\/uploads\/2021\/04\/Wohnmobil_003.jpg\" \/>\n\t<meta property=\"og:image:width\" content=\"2560\" \/>\n\t<meta property=\"og:image:height\" content=\"1440\" \/>\n\t<meta property=\"og:image:type\" content=\"image\/jpeg\" \/>\n<meta name=\"twitter:card\" content=\"summary_large_image\" \/>\n<meta name=\"twitter:label1\" content=\"Dur\u00e9e de lecture estim\u00e9e\" \/>\n\t<meta name=\"twitter:data1\" content=\"7 minutes\" \/>\n<script type=\"application\/ld+json\" class=\"yoast-schema-graph\">{\"@context\":\"https:\\\/\\\/schema.org\",\"@graph\":[{\"@type\":\"WebPage\",\"@id\":\"https:\\\/\\\/www.camping-bleesbruck.lu\\\/fr\\\/politique-de-confidentialite\\\/\",\"url\":\"https:\\\/\\\/www.camping-bleesbruck.lu\\\/fr\\\/politique-de-confidentialite\\\/\",\"name\":\"Politique de confidentialit\u00e9 - Camping Bleesbruck\",\"isPartOf\":{\"@id\":\"https:\\\/\\\/www.camping-bleesbruck.lu\\\/#website\"},\"primaryImageOfPage\":{\"@id\":\"https:\\\/\\\/www.camping-bleesbruck.lu\\\/fr\\\/politique-de-confidentialite\\\/#primaryimage\"},\"image\":{\"@id\":\"https:\\\/\\\/www.camping-bleesbruck.lu\\\/fr\\\/politique-de-confidentialite\\\/#primaryimage\"},\"thumbnailUrl\":\"https:\\\/\\\/www.camping-bleesbruck.lu\\\/wp-content\\\/uploads\\\/2021\\\/04\\\/Wohnmobil_003.jpg\",\"datePublished\":\"2021-07-23T08:45:11+00:00\",\"dateModified\":\"2021-08-26T14:11:30+00:00\",\"description\":\"Dans la politique de confidentialit\u00e9 du Camping Bleesbruck, vous trouverez toutes les informations concernant la protection de vos donn\u00e9es.\",\"breadcrumb\":{\"@id\":\"https:\\\/\\\/www.camping-bleesbruck.lu\\\/fr\\\/politique-de-confidentialite\\\/#breadcrumb\"},\"inLanguage\":\"fr-FR\",\"potentialAction\":[{\"@type\":\"ReadAction\",\"target\":[\"https:\\\/\\\/www.camping-bleesbruck.lu\\\/fr\\\/politique-de-confidentialite\\\/\"]}]},{\"@type\":\"ImageObject\",\"inLanguage\":\"fr-FR\",\"@id\":\"https:\\\/\\\/www.camping-bleesbruck.lu\\\/fr\\\/politique-de-confidentialite\\\/#primaryimage\",\"url\":\"https:\\\/\\\/www.camping-bleesbruck.lu\\\/wp-content\\\/uploads\\\/2021\\\/04\\\/Wohnmobil_003.jpg\",\"contentUrl\":\"https:\\\/\\\/www.camping-bleesbruck.lu\\\/wp-content\\\/uploads\\\/2021\\\/04\\\/Wohnmobil_003.jpg\",\"width\":2560,\"height\":1440,\"caption\":\"DCIM100MEDIADJI_0020.JPG\"},{\"@type\":\"BreadcrumbList\",\"@id\":\"https:\\\/\\\/www.camping-bleesbruck.lu\\\/fr\\\/politique-de-confidentialite\\\/#breadcrumb\",\"itemListElement\":[{\"@type\":\"ListItem\",\"position\":1,\"name\":\"Home\",\"item\":\"https:\\\/\\\/www.camping-bleesbruck.lu\\\/fr\\\/\"},{\"@type\":\"ListItem\",\"position\":2,\"name\":\"Politique de confidentialit\u00e9\"}]},{\"@type\":\"WebSite\",\"@id\":\"https:\\\/\\\/www.camping-bleesbruck.lu\\\/#website\",\"url\":\"https:\\\/\\\/www.camping-bleesbruck.lu\\\/\",\"name\":\"Camping Bleesbruck\",\"description\":\"Just another WordPress site\",\"potentialAction\":[{\"@type\":\"SearchAction\",\"target\":{\"@type\":\"EntryPoint\",\"urlTemplate\":\"https:\\\/\\\/www.camping-bleesbruck.lu\\\/?s={search_term_string}\"},\"query-input\":{\"@type\":\"PropertyValueSpecification\",\"valueRequired\":true,\"valueName\":\"search_term_string\"}}],\"inLanguage\":\"fr-FR\"}]}<\/script>\n<!-- \/ Yoast SEO plugin. -->","yoast_head_json":{"title":"Politique de confidentialit\u00e9 - Camping Bleesbruck","description":"Dans la politique de confidentialit\u00e9 du Camping Bleesbruck, vous trouverez toutes les informations concernant la protection de vos donn\u00e9es.","robots":{"index":"index","follow":"follow","max-snippet":"max-snippet:-1","max-image-preview":"max-image-preview:large","max-video-preview":"max-video-preview:-1"},"canonical":"https:\/\/www.camping-bleesbruck.lu\/fr\/politique-de-confidentialite\/","og_locale":"fr_FR","og_type":"article","og_title":"Politique de confidentialit\u00e9 - Camping Bleesbruck","og_description":"Dans la politique de confidentialit\u00e9 du Camping Bleesbruck, vous trouverez toutes les informations concernant la protection de vos donn\u00e9es.","og_url":"https:\/\/www.camping-bleesbruck.lu\/fr\/politique-de-confidentialite\/","og_site_name":"Camping Bleesbruck","article_modified_time":"2021-08-26T14:11:30+00:00","og_image":[{"width":2560,"height":1440,"url":"https:\/\/www.camping-bleesbruck.lu\/wp-content\/uploads\/2021\/04\/Wohnmobil_003.jpg","type":"image\/jpeg"}],"twitter_card":"summary_large_image","twitter_misc":{"Dur\u00e9e de lecture estim\u00e9e":"7 minutes"},"schema":{"@context":"https:\/\/schema.org","@graph":[{"@type":"WebPage","@id":"https:\/\/www.camping-bleesbruck.lu\/fr\/politique-de-confidentialite\/","url":"https:\/\/www.camping-bleesbruck.lu\/fr\/politique-de-confidentialite\/","name":"Politique de confidentialit\u00e9 - Camping Bleesbruck","isPartOf":{"@id":"https:\/\/www.camping-bleesbruck.lu\/#website"},"primaryImageOfPage":{"@id":"https:\/\/www.camping-bleesbruck.lu\/fr\/politique-de-confidentialite\/#primaryimage"},"image":{"@id":"https:\/\/www.camping-bleesbruck.lu\/fr\/politique-de-confidentialite\/#primaryimage"},"thumbnailUrl":"https:\/\/www.camping-bleesbruck.lu\/wp-content\/uploads\/2021\/04\/Wohnmobil_003.jpg","datePublished":"2021-07-23T08:45:11+00:00","dateModified":"2021-08-26T14:11:30+00:00","description":"Dans la politique de confidentialit\u00e9 du Camping Bleesbruck, vous trouverez toutes les informations concernant la protection de vos donn\u00e9es.","breadcrumb":{"@id":"https:\/\/www.camping-bleesbruck.lu\/fr\/politique-de-confidentialite\/#breadcrumb"},"inLanguage":"fr-FR","potentialAction":[{"@type":"ReadAction","target":["https:\/\/www.camping-bleesbruck.lu\/fr\/politique-de-confidentialite\/"]}]},{"@type":"ImageObject","inLanguage":"fr-FR","@id":"https:\/\/www.camping-bleesbruck.lu\/fr\/politique-de-confidentialite\/#primaryimage","url":"https:\/\/www.camping-bleesbruck.lu\/wp-content\/uploads\/2021\/04\/Wohnmobil_003.jpg","contentUrl":"https:\/\/www.camping-bleesbruck.lu\/wp-content\/uploads\/2021\/04\/Wohnmobil_003.jpg","width":2560,"height":1440,"caption":"DCIM100MEDIADJI_0020.JPG"},{"@type":"BreadcrumbList","@id":"https:\/\/www.camping-bleesbruck.lu\/fr\/politique-de-confidentialite\/#breadcrumb","itemListElement":[{"@type":"ListItem","position":1,"name":"Home","item":"https:\/\/www.camping-bleesbruck.lu\/fr\/"},{"@type":"ListItem","position":2,"name":"Politique de confidentialit\u00e9"}]},{"@type":"WebSite","@id":"https:\/\/www.camping-bleesbruck.lu\/#website","url":"https:\/\/www.camping-bleesbruck.lu\/","name":"Camping Bleesbruck","description":"Just another WordPress site","potentialAction":[{"@type":"SearchAction","target":{"@type":"EntryPoint","urlTemplate":"https:\/\/www.camping-bleesbruck.lu\/?s={search_term_string}"},"query-input":{"@type":"PropertyValueSpecification","valueRequired":true,"valueName":"search_term_string"}}],"inLanguage":"fr-FR"}]}},"_links":{"self":[{"href":"https:\/\/www.camping-bleesbruck.lu\/fr\/wp-json\/wp\/v2\/pages\/2926","targetHints":{"allow":["GET"]}}],"collection":[{"href":"https:\/\/www.camping-bleesbruck.lu\/fr\/wp-json\/wp\/v2\/pages"}],"about":[{"href":"https:\/\/www.camping-bleesbruck.lu\/fr\/wp-json\/wp\/v2\/types\/page"}],"author":[{"embeddable":true,"href":"https:\/\/www.camping-bleesbruck.lu\/fr\/wp-json\/wp\/v2\/users\/1"}],"replies":[{"embeddable":true,"href":"https:\/\/www.camping-bleesbruck.lu\/fr\/wp-json\/wp\/v2\/comments?post=2926"}],"version-history":[{"count":3,"href":"https:\/\/www.camping-bleesbruck.lu\/fr\/wp-json\/wp\/v2\/pages\/2926\/revisions"}],"predecessor-version":[{"id":3001,"href":"https:\/\/www.camping-bleesbruck.lu\/fr\/wp-json\/wp\/v2\/pages\/2926\/revisions\/3001"}],"wp:featuredmedia":[{"embeddable":true,"href":"https:\/\/www.camping-bleesbruck.lu\/fr\/wp-json\/wp\/v2\/media\/1132"}],"wp:attachment":[{"href":"https:\/\/www.camping-bleesbruck.lu\/fr\/wp-json\/wp\/v2\/media?parent=2926"}],"curies":[{"name":"wp","href":"https:\/\/api.w.org\/{rel}","templated":true}]}}